{"id":8858,"date":"2026-02-14T14:45:00","date_gmt":"2026-02-14T19:45:00","guid":{"rendered":"https:\/\/fleximmobilier.com\/?page_id=8858"},"modified":"2026-02-19T14:32:13","modified_gmt":"2026-02-19T19:32:13","slug":"protection-dommages","status":"publish","type":"page","link":"https:\/\/fleximmobilier.com\/fr-ca\/protection-dommages\/","title":{"rendered":"Protection contre les dommage &#8211; Conditions et fonctionnement"},"content":{"rendered":"\t\t<div data-elementor-type=\"wp-page\" data-elementor-id=\"8858\" class=\"elementor elementor-8858\" data-elementor-post-type=\"page\">\n\t\t\t\t<div class=\"elementor-element elementor-element-eee662e e-con-full e-flex e-con e-parent\" data-id=\"eee662e\" data-element_type=\"container\" data-e-type=\"container\">\n\t\t<div data-dce-background-overlay-color=\"#000000\" data-dce-background-image-url=\"https:\/\/fleximmobilier.com\/wp-content\/uploads\/Protection-contre-les-dommages-Flex-Immobilier.png\" class=\"elementor-element elementor-element-1d1a44c e-con-full e-flex e-con e-child\" data-id=\"1d1a44c\" data-element_type=\"container\" data-e-type=\"container\" data-settings=\"{&quot;background_background&quot;:&quot;classic&quot;}\">\n\t\t<div class=\"elementor-element elementor-element-cfd6594 e-con-full e-flex e-con e-child\" data-id=\"cfd6594\" data-element_type=\"container\" data-e-type=\"container\">\n\t\t\t\t<div class=\"elementor-element elementor-element-5d69766 elementor-widget elementor-widget-heading\" data-id=\"5d69766\" data-element_type=\"widget\" data-e-type=\"widget\" data-widget_type=\"heading.default\">\n\t\t\t\t\t<h1 class=\"elementor-heading-title elementor-size-default\">Protection contre les dommages \u2013 \nConditions et fonctionnement<\/h1>\t\t\t\t<\/div>\n\t\t\t\t<div class=\"elementor-element elementor-element-c497c58 elementor-widget elementor-widget-heading\" data-id=\"c497c58\" data-element_type=\"widget\" data-e-type=\"widget\" data-widget_type=\"heading.default\">\n\t\t\t\t\t<p class=\"elementor-heading-title elementor-size-default\">Derni\u00e8re mise \u00e0 jour le 14 f\u00e9vrier 2026<\/p>\t\t\t\t<\/div>\n\t\t\t\t<\/div>\n\t\t\t\t<\/div>\n\t\t\t\t<\/div>\n\t\t<div class=\"elementor-element elementor-element-3ed8b3a e-flex e-con-boxed e-con e-parent\" data-id=\"3ed8b3a\" data-element_type=\"container\" data-e-type=\"container\">\n\t\t\t\t\t<div class=\"e-con-inner\">\n\t\t\t\t<div class=\"elementor-element elementor-element-4d91eba elementor-widget elementor-widget-text-editor\" data-id=\"4d91eba\" data-element_type=\"widget\" data-e-type=\"widget\" data-widget_type=\"text-editor.default\">\n\t\t\t\t\t\t\t\t\t<h3 data-start=\"1604\" data-end=\"1633\">1. Nature de la protection<\/h3><p data-start=\"1635\" data-end=\"1809\">Toutes les r\u00e9servations admissibles incluent une protection contre les dommages accidentels fournie par un partenaire tiers via le programme Guesty Shield \u2013 Screen &amp; Protect.<\/p><p data-start=\"1811\" data-end=\"1829\">Cette protection :<\/p><ul><li data-start=\"1833\" data-end=\"1902\">Remplace le d\u00e9p\u00f4t de garantie traditionnel dans la majorit\u00e9 des cas<\/li><li data-start=\"1833\" data-end=\"1902\">Couvre les dommages accidentels admissibles jusqu\u2019\u00e0 <strong data-start=\"1957\" data-end=\"1973\">50 000 $ USD<\/strong><\/li><li data-start=\"1833\" data-end=\"1902\">S\u2019applique aux s\u00e9jours admissibles selon les crit\u00e8res du fournisseur<\/li><li data-start=\"1833\" data-end=\"1902\">Est financ\u00e9e par un montant fixe par nuit\u00e9e <strong data-start=\"2095\" data-end=\"2165\">d\u00e9j\u00e0 inclus dans le prix affich\u00e9 et factur\u00e9 lors de la r\u00e9servation<\/strong><\/li><\/ul><h3 data-start=\"2172\" data-end=\"2206\">\u00a0<\/h3><h3 data-start=\"2172\" data-end=\"2206\">2. Dur\u00e9e admissible des s\u00e9jours<\/h3><p data-start=\"2208\" data-end=\"2343\">La protection s\u2019applique aux r\u00e9servations de moins de 365 nuits cons\u00e9cutives, conform\u00e9ment aux conditions du programme actif au Canada.<\/p><p data-start=\"2345\" data-end=\"2414\">Les s\u00e9jours d\u00e9passant cette dur\u00e9e pourraient ne pas \u00eatre admissibles.<\/p><h2 data-start=\"2421\" data-end=\"2453\">\u00a0<\/h2><h3 data-start=\"2421\" data-end=\"2453\">3. Types de dommages couverts<\/h3><p data-start=\"2455\" data-end=\"2540\">La protection vise les dommages accidentels caus\u00e9s involontairement durant le s\u00e9jour.<\/p><p data-start=\"2542\" data-end=\"2577\">Exemples g\u00e9n\u00e9ralement admissibles :<\/p><ul data-start=\"2579\" data-end=\"2689\"><li data-start=\"2579\" data-end=\"2610\"><p data-start=\"2581\" data-end=\"2610\">Bris accidentel de mobilier<\/p><\/li><li data-start=\"2611\" data-end=\"2653\"><p data-start=\"2613\" data-end=\"2653\">Dommage accidentel \u00e0 un \u00e9lectrom\u00e9nager<\/p><\/li><li data-start=\"2654\" data-end=\"2689\"><p data-start=\"2656\" data-end=\"2689\">D\u00e9g\u00e2t mat\u00e9riel non intentionnel<\/p><\/li><\/ul><p data-start=\"2691\" data-end=\"2761\">L\u2019admissibilit\u00e9 finale est d\u00e9termin\u00e9e par le fournisseur du programme.<\/p><h2 data-start=\"2768\" data-end=\"2796\">\u00a0<\/h2><h3 data-start=\"2768\" data-end=\"2796\">4. Exclusions importantes<\/h3><p data-start=\"2798\" data-end=\"2837\">La protection ne couvre notamment pas :<\/p><ul data-start=\"2839\" data-end=\"3306\"><li data-start=\"2839\" data-end=\"2858\"><p data-start=\"2841\" data-end=\"2858\">L\u2019usure normale<\/p><\/li><li data-start=\"2859\" data-end=\"2925\"><p data-start=\"2861\" data-end=\"2925\">Les dommages intentionnels ou r\u00e9sultant d\u2019une n\u00e9gligence grave<\/p><\/li><li data-start=\"2926\" data-end=\"2979\"><p data-start=\"2928\" data-end=\"2979\">Le non-respect volontaire des r\u00e8gles de la maison<\/p><\/li><li data-start=\"2980\" data-end=\"3025\"><p data-start=\"2982\" data-end=\"3025\">Les f\u00eates ou rassemblements non autoris\u00e9s<\/p><\/li><li data-start=\"3026\" data-end=\"3056\"><p data-start=\"3028\" data-end=\"3056\">Les amendes contractuelles<\/p><\/li><li data-start=\"3057\" data-end=\"3082\"><p data-start=\"3059\" data-end=\"3082\">Les pertes de revenus<\/p><\/li><li data-start=\"3083\" data-end=\"3152\"><p data-start=\"3085\" data-end=\"3152\">Les dommages caus\u00e9s par le tabagisme ou le vapotage \u00e0 l\u2019int\u00e9rieur<\/p><\/li><li data-start=\"3153\" data-end=\"3247\"><p data-start=\"3155\" data-end=\"3247\">Les frais li\u00e9s \u00e0 un \u00e9tat des lieux n\u00e9cessitant un entretien m\u00e9nager excessif ou hors norme<\/p><\/li><li data-start=\"3248\" data-end=\"3306\"><p data-start=\"3250\" data-end=\"3306\">Toute situation exclue par les conditions du fournisseur<\/p><\/li><\/ul><p data-start=\"3308\" data-end=\"3364\">Certaines exclusions additionnelles peuvent s\u2019appliquer.<\/p><h2 data-start=\"3371\" data-end=\"3404\">\u00a0<\/h2><h3 data-start=\"3371\" data-end=\"3404\">5. Processus en cas d\u2019incident<\/h3><p data-start=\"3406\" data-end=\"3425\">En cas de dommage :<\/p><ol data-start=\"3427\" data-end=\"3664\"><li data-start=\"3427\" data-end=\"3500\"><p data-start=\"3430\" data-end=\"3500\">Le voyageur doit informer Flex Immobilier dans les meilleurs d\u00e9lais.<\/p><\/li><li data-start=\"3501\" data-end=\"3568\"><p data-start=\"3504\" data-end=\"3568\">Une d\u00e9claration peut \u00eatre soumise au fournisseur du programme.<\/p><\/li><li data-start=\"3569\" data-end=\"3664\"><p data-start=\"3572\" data-end=\"3664\">L\u2019analyse, l\u2019admissibilit\u00e9 et le montant de compensation sont d\u00e9termin\u00e9s par le fournisseur.<\/p><\/li><\/ol><p data-start=\"3666\" data-end=\"3737\">La collaboration du voyageur est requise pour le traitement du dossier.<\/p><h2 data-start=\"3744\" data-end=\"3780\">\u00a0<\/h2><h3 data-start=\"3744\" data-end=\"3780\">6. D\u00e9p\u00f4t de garantie exceptionnel<\/h3><p data-start=\"3782\" data-end=\"3981\">Bien que la protection remplace g\u00e9n\u00e9ralement le d\u00e9p\u00f4t de garantie,<br data-start=\"3848\" data-end=\"3851\" \/>Flex Immobilier se r\u00e9serve le droit d\u2019exiger un d\u00e9p\u00f4t additionnel dans certaines situations particuli\u00e8res \u00e9valu\u00e9es au cas par cas.<\/p><p data-start=\"3983\" data-end=\"4033\">Cette mesure demeure exceptionnelle et pr\u00e9ventive.<\/p><p>Si des dommages non accidentels sont constat\u00e9s ou si les <b>Conditions d\u2019utilisation <\/b>pr\u00e9sent\u00e9es dans le contrat de location ne sont pas respect\u00e9es, une partie ou la totalit\u00e9 du d\u00e9p\u00f4t pourrait \u00eatre pr\u00e9lev\u00e9e pour couvrir les frais, taxes incluses (TPS et TVQ) et un frais de service de 6 % sera appliqu\u00e9. En cas de retenue, un rapport d\u00e9taill\u00e9 justifiant les charges vous sera fourni par le propri\u00e9taire ou le gestionnaire de l&rsquo;h\u00e9bergement. Si le montant du d\u00e9p\u00f4t s\u2019av\u00e8re insuffisant, un suppl\u00e9ment pourra \u00eatre factur\u00e9. Les retenues sur le d\u00e9p\u00f4t de garantie peuvent subvenir dans les cas suivants :<\/p><ul><li>Pr\u00e9sence d\u2019un animal non d\u00e9clar\u00e9 lors de la r\u00e9servation<\/li><li>Nombre d\u2019occupants sup\u00e9rieur \u00e0 celui d\u00e9clar\u00e9<\/li><li>Bruits excessifs perturbant la qui\u00e9tude du voisinage<\/li><li>Dommages aux biens ou aux installations de l&rsquo;h\u00e9bergement<\/li><li>Vols et\/ou bris d\u2019objets<\/li><li>N\u00e9cessit\u00e9 d\u2019un m\u00e9nage suppl\u00e9mentaire par l\u2019\u00e9quipe d\u2019entretien m\u00e9nager<\/li><li>Autres frais li\u00e9s au non-respect des clauses du contrat de location.<\/li><\/ul>\t\t\t\t\t\t\t\t<\/div>\n\t\t\t\t\t<\/div>\n\t\t\t\t<\/div>\n\t\t\t\t<\/div>\n\t\t","protected":false},"excerpt":{"rendered":"<p>Protection contre les dommages \u2013 Conditions et fonctionnement Derni\u00e8re mise \u00e0 jour le 14 f\u00e9vrier 2026 1. Nature de la protection Toutes les r\u00e9servations admissibles incluent une protection contre les dommages accidentels fournie par un partenaire tiers via le programme Guesty Shield \u2013 Screen &amp; Protect. Cette protection : Remplace le d\u00e9p\u00f4t de garantie traditionnel [&hellip;]<\/p>\n","protected":false},"author":2,"featured_media":8860,"parent":0,"menu_order":0,"comment_status":"closed","ping_status":"closed","template":"","meta":{"_acf_changed":false,"footnotes":""},"class_list":["post-8858","page","type-page","status-publish","has-post-thumbnail","hentry"],"acf":[],"_links":{"self":[{"href":"https:\/\/fleximmobilier.com\/fr-ca\/wp-json\/wp\/v2\/pages\/8858","targetHints":{"allow":["GET"]}}],"collection":[{"href":"https:\/\/fleximmobilier.com\/fr-ca\/wp-json\/wp\/v2\/pages"}],"about":[{"href":"https:\/\/fleximmobilier.com\/fr-ca\/wp-json\/wp\/v2\/types\/page"}],"author":[{"embeddable":true,"href":"https:\/\/fleximmobilier.com\/fr-ca\/wp-json\/wp\/v2\/users\/2"}],"replies":[{"embeddable":true,"href":"https:\/\/fleximmobilier.com\/fr-ca\/wp-json\/wp\/v2\/comments?post=8858"}],"version-history":[{"count":0,"href":"https:\/\/fleximmobilier.com\/fr-ca\/wp-json\/wp\/v2\/pages\/8858\/revisions"}],"wp:featuredmedia":[{"embeddable":true,"href":"https:\/\/fleximmobilier.com\/fr-ca\/wp-json\/wp\/v2\/media\/8860"}],"wp:attachment":[{"href":"https:\/\/fleximmobilier.com\/fr-ca\/wp-json\/wp\/v2\/media?parent=8858"}],"curies":[{"name":"wp","href":"https:\/\/api.w.org\/{rel}","templated":true}]}}