{"id":2191,"date":"2024-11-08T09:41:57","date_gmt":"2024-11-08T14:41:57","guid":{"rendered":"https:\/\/fleximmobilier.com\/?page_id=2191"},"modified":"2024-12-18T15:52:08","modified_gmt":"2024-12-18T20:52:08","slug":"demande-dattestation-citq-pour-location-a-court-terme","status":"publish","type":"page","link":"https:\/\/fleximmobilier.com\/fr-ca\/demande-dattestation-citq-pour-location-a-court-terme\/","title":{"rendered":"demande dattestation citq pour location a court terme"},"content":{"rendered":"\t\t<div data-elementor-type=\"wp-page\" data-elementor-id=\"2191\" class=\"elementor elementor-2191\" data-elementor-post-type=\"page\">\n\t\t\t\t<div class=\"elementor-element elementor-element-5502761 e-con-full e-flex e-con e-parent\" data-id=\"5502761\" data-element_type=\"container\" data-e-type=\"container\" data-settings=\"{&quot;background_background&quot;:&quot;classic&quot;}\">\n\t\t<div class=\"elementor-element elementor-element-280c6e4 e-con-full e-flex e-con e-child\" data-id=\"280c6e4\" data-element_type=\"container\" data-e-type=\"container\" data-settings=\"{&quot;background_background&quot;:&quot;classic&quot;}\">\n\t\t<div class=\"elementor-element elementor-element-8a3551e e-con-full e-flex e-con e-child\" data-id=\"8a3551e\" data-element_type=\"container\" data-e-type=\"container\">\n\t\t\t\t<div class=\"elementor-element elementor-element-fa53bee dce_masking-none elementor-widget elementor-widget-image\" data-id=\"fa53bee\" data-element_type=\"widget\" data-e-type=\"widget\" data-widget_type=\"image.default\">\n\t\t\t\t\t\t\t\t\t\t\t\t\t\t\t<img fetchpriority=\"high\" decoding=\"async\" width=\"1024\" height=\"576\" src=\"https:\/\/fleximmobilier.com\/wp-content\/uploads\/attestation-citq-gestion-location-court-terme-airbnb-vrbo-flex-immobilier.jpg\" class=\"attachment-large size-large wp-image-2194\" alt=\"\" srcset=\"https:\/\/fleximmobilier.com\/wp-content\/uploads\/attestation-citq-gestion-location-court-terme-airbnb-vrbo-flex-immobilier.jpg 1024w, https:\/\/fleximmobilier.com\/wp-content\/uploads\/attestation-citq-gestion-location-court-terme-airbnb-vrbo-flex-immobilier-768x432.jpg 768w, https:\/\/fleximmobilier.com\/wp-content\/uploads\/attestation-citq-gestion-location-court-terme-airbnb-vrbo-flex-immobilier-630x354.jpg 630w, https:\/\/fleximmobilier.com\/wp-content\/uploads\/attestation-citq-gestion-location-court-terme-airbnb-vrbo-flex-immobilier-315x177.jpg 315w, https:\/\/fleximmobilier.com\/wp-content\/uploads\/attestation-citq-gestion-location-court-terme-airbnb-vrbo-flex-immobilier-999x562.jpg 999w, https:\/\/fleximmobilier.com\/wp-content\/uploads\/attestation-citq-gestion-location-court-terme-airbnb-vrbo-flex-immobilier-395x222.jpg 395w\" sizes=\"(max-width: 1024px) 100vw, 1024px\" \/>\t\t\t\t\t\t\t\t\t\t\t\t\t\t\t<\/div>\n\t\t\t\t<\/div>\n\t\t<div class=\"elementor-element elementor-element-6255229 e-con-full e-flex e-con e-child\" data-id=\"6255229\" data-element_type=\"container\" data-e-type=\"container\">\n\t\t\t\t<div class=\"elementor-element elementor-element-d1c6537 elementor-widget elementor-widget-text-editor\" data-id=\"d1c6537\" data-element_type=\"widget\" data-e-type=\"widget\" data-widget_type=\"text-editor.default\">\n\t\t\t\t\t\t\t\t\t<p>Depuis le 1er mai 2020, tout le monde souhaitant louer sa r\u00e9sidence doit pr\u00e9alablement s\u2019enregistrer aupr\u00e8s de la Corporation de l\u2019industrie touristique du Qu\u00e9bec (CITQ). <a href=\"https:\/\/ici.radio-canada.ca\/rci\/fr\/nouvelle\/1794631\/airbnb-quebec-loi-tourisme-annonces-amendes\" target=\"_blank\" rel=\"noopener\"><strong>L\u2019affichage du num\u00e9ro d\u2019enregistrement dans les annonces est obligatoire<\/strong><\/a>. Sous certaines conditions, une personne peut mettre en location sa r\u00e9sidence principale sur des sites comme Airbnb, sans \u00e9gard au nombre de nuit\u00e9es. En revanche, avant de proposer sa r\u00e9sidence secondaire, comme un chalet, un propri\u00e9taire doit obtenir une attestation de classification pour devenir une r\u00e9sidence touristique. \u00bb1<\/p><p>Donc, avant d\u2019acqu\u00e9rir ou de convertir une propri\u00e9t\u00e9 dans le but de l\u2019offrir en location \u00e0 court terme, nous vous recommandons de consulter les informations suivantes. Pour la location d\u2019une <strong>r\u00e9sidence principale<\/strong>, voici le lien \u00e0 consulter :<\/p>\t\t\t\t\t\t\t\t<\/div>\n\t\t\t\t<div class=\"elementor-element elementor-element-f23878e elementor-widget elementor-widget-button\" data-id=\"f23878e\" data-element_type=\"widget\" data-e-type=\"widget\" data-widget_type=\"button.default\">\n\t\t\t\t\t\t\t\t\t\t<a class=\"elementor-button elementor-button-link elementor-size-sm\" href=\"https:\/\/citq.qc.ca\/fr\/Page_debut1.php\" target=\"_blank\" rel=\"noopener\">\n\t\t\t\t\t\t<span class=\"elementor-button-content-wrapper\">\n\t\t\t\t\t\t\t\t\t<span class=\"elementor-button-text\">Demande d'attestation pour une r\u00e9sidence PRINCIPALE<\/span>\n\t\t\t\t\t<\/span>\n\t\t\t\t\t<\/a>\n\t\t\t\t\t\t\t\t<\/div>\n\t\t\t\t<div class=\"elementor-element elementor-element-5c1e0a2 elementor-widget elementor-widget-button\" data-id=\"5c1e0a2\" data-element_type=\"widget\" data-e-type=\"widget\" data-widget_type=\"button.default\">\n\t\t\t\t\t\t\t\t\t\t<a class=\"elementor-button elementor-button-link elementor-size-sm\" href=\"https:\/\/citq.qc.ca\/fr\/ouverturedossier.php\" target=\"_blank\" rel=\"noopener\">\n\t\t\t\t\t\t<span class=\"elementor-button-content-wrapper\">\n\t\t\t\t\t\t\t\t\t<span class=\"elementor-button-text\"> Demande d'attestation pour une r\u00e9sidence SECONDAIRE<\/span>\n\t\t\t\t\t<\/span>\n\t\t\t\t\t<\/a>\n\t\t\t\t\t\t\t\t<\/div>\n\t\t\t\t<\/div>\n\t\t\t\t<\/div>\n\t\t\t\t<\/div>\n\t\t<div class=\"elementor-element elementor-element-f34687c e-flex e-con-boxed e-con e-parent\" data-id=\"f34687c\" data-element_type=\"container\" data-e-type=\"container\">\n\t\t\t\t\t<div class=\"e-con-inner\">\n\t\t\t\t<div class=\"elementor-element elementor-element-a6247e9 elementor-widget__width-inherit elementor-widget elementor-widget-heading\" data-id=\"a6247e9\" data-element_type=\"widget\" data-e-type=\"widget\" data-widget_type=\"heading.default\">\n\t\t\t\t\t<h2 class=\"elementor-heading-title elementor-size-default\">Comment allez-vous g\u00e9rer vos revenus ?<\/h2>\t\t\t\t<\/div>\n\t\t\t\t<div class=\"elementor-element elementor-element-df6a2b4 elementor-widget__width-inherit elementor-widget elementor-widget-heading\" data-id=\"df6a2b4\" data-element_type=\"widget\" data-e-type=\"widget\" data-widget_type=\"heading.default\">\n\t\t\t\t\t<h4 class=\"elementor-heading-title elementor-size-default\">Qui dit revenus, dit r\u00e8gles fiscales \u00e0 respecter \ud83d\ude44<\/h4>\t\t\t\t<\/div>\n\t\t\t\t\t<\/div>\n\t\t\t\t<\/div>\n\t\t<div class=\"elementor-element elementor-element-77924fa e-flex e-con-boxed e-con e-parent\" data-id=\"77924fa\" data-element_type=\"container\" data-e-type=\"container\">\n\t\t\t\t\t<div class=\"e-con-inner\">\n\t\t<div class=\"elementor-element elementor-element-15744b3 e-con-full e-flex e-con e-child\" data-id=\"15744b3\" data-element_type=\"container\" data-e-type=\"container\">\n\t\t\t\t<div class=\"elementor-element elementor-element-e49bccb elementor-widget elementor-widget-text-editor\" data-id=\"e49bccb\" data-element_type=\"widget\" data-e-type=\"widget\" data-widget_type=\"text-editor.default\">\n\t\t\t\t\t\t\t\t\t<p>En effet, \u00ab <a href=\"https:\/\/www.revenuquebec.ca\/fr\/entreprises\/taxes\/tpstvh-et-tvq\/inscription-aux-fichiers-de-la-tps-et-de-la-tvq\/\" target=\"_blank\" rel=\"noopener\">vous devez vous inscrire aux fichiers de la TPS et de la TVQ<\/a> si le total de vos ventes (revenus de location) exc\u00e8de 30,000 $ au cours d\u2019un trimestre (3 mois) civil donn\u00e9 ou pour l\u2019ensemble des quatre trimestres (12 mois) civils qui le pr\u00e9c\u00e8dent \u00bb. Bien s\u00fbr qu\u2019on peut g\u00e9n\u00e9rer beaucoup plus que 30 000 $ par ann\u00e9e ! Une fois inscrit, vos locataires devront payer les TPS\/TVQ sur la location de votre chalet. Heureusement, ce n\u2019est pas vous qui devrez les payer \ud83d\ude05<\/p>\t\t\t\t\t\t\t\t<\/div>\n\t\t\t\t<\/div>\n\t\t<div class=\"elementor-element elementor-element-ce64935 e-con-full e-flex e-con e-child\" data-id=\"ce64935\" data-element_type=\"container\" data-e-type=\"container\">\n\t\t\t\t<div class=\"elementor-element elementor-element-b66dc55 dce_masking-none elementor-widget elementor-widget-image\" data-id=\"b66dc55\" data-element_type=\"widget\" data-e-type=\"widget\" data-widget_type=\"image.default\">\n\t\t\t\t\t\t\t\t\t\t\t\t\t\t\t<img decoding=\"async\" width=\"1024\" height=\"576\" src=\"https:\/\/fleximmobilier.com\/wp-content\/uploads\/Gestion-Chalet-a-louer-location-court-terme-Flex-Immobilier.jpg\" class=\"attachment-large size-large wp-image-2195\" alt=\"\" srcset=\"https:\/\/fleximmobilier.com\/wp-content\/uploads\/Gestion-Chalet-a-louer-location-court-terme-Flex-Immobilier.jpg 1024w, https:\/\/fleximmobilier.com\/wp-content\/uploads\/Gestion-Chalet-a-louer-location-court-terme-Flex-Immobilier-768x432.jpg 768w, https:\/\/fleximmobilier.com\/wp-content\/uploads\/Gestion-Chalet-a-louer-location-court-terme-Flex-Immobilier-630x354.jpg 630w, https:\/\/fleximmobilier.com\/wp-content\/uploads\/Gestion-Chalet-a-louer-location-court-terme-Flex-Immobilier-315x177.jpg 315w, https:\/\/fleximmobilier.com\/wp-content\/uploads\/Gestion-Chalet-a-louer-location-court-terme-Flex-Immobilier-999x562.jpg 999w, https:\/\/fleximmobilier.com\/wp-content\/uploads\/Gestion-Chalet-a-louer-location-court-terme-Flex-Immobilier-395x222.jpg 395w\" sizes=\"(max-width: 1024px) 100vw, 1024px\" \/>\t\t\t\t\t\t\t\t\t\t\t\t\t\t\t<\/div>\n\t\t\t\t<\/div>\n\t\t\t\t\t<\/div>\n\t\t\t\t<\/div>\n\t\t<div class=\"elementor-element elementor-element-cddab13 e-flex e-con-boxed e-con e-parent\" data-id=\"cddab13\" data-element_type=\"container\" data-e-type=\"container\">\n\t\t\t\t\t<div class=\"e-con-inner\">\n\t\t<div class=\"elementor-element elementor-element-f945b16 e-con-full e-flex e-con e-child\" data-id=\"f945b16\" data-element_type=\"container\" data-e-type=\"container\">\n\t\t\t\t<div class=\"elementor-element elementor-element-d43e03c elementor-widget elementor-widget-text-editor\" data-id=\"d43e03c\" data-element_type=\"widget\" data-e-type=\"widget\" data-widget_type=\"text-editor.default\">\n\t\t\t\t\t\t\t\t\t<p>Une autre bonne nouvelle : l\u2019inscription aux fichiers de la TPS et de la TVQ vous permettra de r\u00e9cup\u00e9rer toutes les TPS\/TVQ pay\u00e9es en lien avec les d\u00e9penses \/entretien \/ r\u00e9novation de votre chalet \ud83e\udd73 Alors, lorsque vous paierez des taxes sur l\u2019achat d\u2019une thermopompe murale, sur l\u2019entretien de votre gazon, sur du papier de toilette, etc., vous pourrez par la suite r\u00e9cup\u00e9rer ces taxes aupr\u00e8s du gouvernement lors de vos d\u00e9clarations trimestrielles (au 3 mois). Donc, m\u00eame si vous pr\u00e9voyiez faire moins de 30,000 $ annuellement, il serait quand m\u00eame avantageux de s\u2019inscrire aux fichiers de la TPS et de la TVQ !!!<\/p><p>Une fois cette \u00e9tape compl\u00e9t\u00e9e, vous pourrez officiellement vous d\u00e9clarer propri\u00e9taire d\u2019une petite entreprise <img decoding=\"async\" class=\"emoji\" role=\"img\" draggable=\"false\" src=\"https:\/\/s.w.org\/images\/core\/emoji\/13.0.1\/svg\/1f469-200d-1f4bc.svg\" alt=\"\ud83d\udc69\u200d\ud83d\udcbc\" \/><img decoding=\"async\" class=\"emoji\" role=\"img\" draggable=\"false\" src=\"https:\/\/s.w.org\/images\/core\/emoji\/13.0.1\/svg\/1f942.svg\" alt=\"\ud83e\udd42\" \/><\/p>\t\t\t\t\t\t\t\t<\/div>\n\t\t\t\t<div class=\"elementor-element elementor-element-770d62b elementor-widget elementor-widget-button\" data-id=\"770d62b\" data-element_type=\"widget\" data-e-type=\"widget\" data-widget_type=\"button.default\">\n\t\t\t\t\t\t\t\t\t\t<a class=\"elementor-button elementor-button-link elementor-size-sm\" href=\"https:\/\/www.revenuquebec.ca\/fr\/entreprises\/taxes\/tpstvh-et-tvq\/inscription-aux-fichiers-de-la-tps-et-de-la-tvq\/comment-vous-inscrire\/\" target=\"_blank\" rel=\"noopener\">\n\t\t\t\t\t\t<span class=\"elementor-button-content-wrapper\">\n\t\t\t\t\t\t\t\t\t<span class=\"elementor-button-text\">Inscription aux fichiers de la TPS et de la TVQ <\/span>\n\t\t\t\t\t<\/span>\n\t\t\t\t\t<\/a>\n\t\t\t\t\t\t\t\t<\/div>\n\t\t\t\t<\/div>\n\t\t<div class=\"elementor-element elementor-element-748f3fa e-con-full e-flex e-con e-child\" data-id=\"748f3fa\" data-element_type=\"container\" data-e-type=\"container\">\n\t\t\t\t<div class=\"elementor-element elementor-element-8fafc31 dce_masking-none elementor-widget elementor-widget-image\" data-id=\"8fafc31\" data-element_type=\"widget\" data-e-type=\"widget\" data-widget_type=\"image.default\">\n\t\t\t\t\t\t\t\t\t\t\t\t\t\t\t<img decoding=\"async\" width=\"1024\" height=\"768\" src=\"https:\/\/fleximmobilier.com\/wp-content\/uploads\/TPS-TVQ-taxes-entreprise-chalet-en-location.png\" class=\"attachment-large size-large wp-image-5964\" alt=\"\" srcset=\"https:\/\/fleximmobilier.com\/wp-content\/uploads\/TPS-TVQ-taxes-entreprise-chalet-en-location.png 1024w, https:\/\/fleximmobilier.com\/wp-content\/uploads\/TPS-TVQ-taxes-entreprise-chalet-en-location-768x576.png 768w, https:\/\/fleximmobilier.com\/wp-content\/uploads\/TPS-TVQ-taxes-entreprise-chalet-en-location-630x473.png 630w, https:\/\/fleximmobilier.com\/wp-content\/uploads\/TPS-TVQ-taxes-entreprise-chalet-en-location-315x236.png 315w, https:\/\/fleximmobilier.com\/wp-content\/uploads\/TPS-TVQ-taxes-entreprise-chalet-en-location-888x666.png 888w, https:\/\/fleximmobilier.com\/wp-content\/uploads\/TPS-TVQ-taxes-entreprise-chalet-en-location-349x262.png 349w\" sizes=\"(max-width: 1024px) 100vw, 1024px\" \/>\t\t\t\t\t\t\t\t\t\t\t\t\t\t\t<\/div>\n\t\t\t\t<\/div>\n\t\t\t\t\t<\/div>\n\t\t\t\t<\/div>\n\t\t<div class=\"elementor-element elementor-element-f396211 e-con-full e-flex e-con e-child\" data-id=\"f396211\" data-element_type=\"container\" data-e-type=\"container\">\n\t\t<div class=\"elementor-element elementor-element-53a8e0a e-con-full e-flex e-con e-child\" data-id=\"53a8e0a\" data-element_type=\"container\" data-e-type=\"container\">\n\t\t\t\t<div class=\"elementor-element elementor-element-d662cd1 elementor-widget elementor-widget-heading\" data-id=\"d662cd1\" data-element_type=\"widget\" data-e-type=\"widget\" data-widget_type=\"heading.default\">\n\t\t\t\t\t<h4 class=\"elementor-heading-title elementor-size-default\">Offrir votre chalet\/maison en location \u00e0 court terme<\/h4>\t\t\t\t<\/div>\n\t\t\t\t<div class=\"elementor-element elementor-element-0025c39 elementor-widget elementor-widget-heading\" data-id=\"0025c39\" data-element_type=\"widget\" data-e-type=\"widget\" data-widget_type=\"heading.default\">\n\t\t\t\t\t<h2 class=\"elementor-heading-title elementor-size-default\">3 \u00e9tapes \u00e0 franchir<\/h2>\t\t\t\t<\/div>\n\t\t\t\t<div class=\"elementor-element elementor-element-4f5dbdc elementor-widget elementor-widget-button\" data-id=\"4f5dbdc\" data-element_type=\"widget\" data-e-type=\"widget\" data-widget_type=\"button.default\">\n\t\t\t\t\t\t\t\t\t\t<a class=\"elementor-button elementor-button-link elementor-size-sm\" href=\"https:\/\/fleximmobilier.com\/fr-ca\/contact\/\">\n\t\t\t\t\t\t<span class=\"elementor-button-content-wrapper\">\n\t\t\t\t\t\t\t\t\t<span class=\"elementor-button-text\">Des questions ? Contactez-nous<\/span>\n\t\t\t\t\t<\/span>\n\t\t\t\t\t<\/a>\n\t\t\t\t\t\t\t\t<\/div>\n\t\t\t\t<div class=\"elementor-element elementor-element-24c840a elementor-widget elementor-widget-button\" data-id=\"24c840a\" data-element_type=\"widget\" data-e-type=\"widget\" data-widget_type=\"button.default\">\n\t\t\t\t\t\t\t\t\t\t<a class=\"elementor-button elementor-button-link elementor-size-sm\" href=\"https:\/\/fleximmobilier.com\/fr-ca\/gestion-location-court-terme\/\">\n\t\t\t\t\t\t<span class=\"elementor-button-content-wrapper\">\n\t\t\t\t\t\t\t\t\t<span class=\"elementor-button-text\">Services de GESTION LOCATION COURTE DUREE<\/span>\n\t\t\t\t\t<\/span>\n\t\t\t\t\t<\/a>\n\t\t\t\t\t\t\t\t<\/div>\n\t\t\t\t<\/div>\n\t\t<div class=\"elementor-element elementor-element-a76e1aa e-con-full e-flex e-con e-child\" data-id=\"a76e1aa\" data-element_type=\"container\" data-e-type=\"container\">\n\t\t<div class=\"elementor-element elementor-element-d30ce90 e-grid e-con-full e-con e-child\" data-id=\"d30ce90\" data-element_type=\"container\" data-e-type=\"container\">\n\t\t<div class=\"elementor-element elementor-element-9feb872 e-con-full e-flex e-con e-child\" data-id=\"9feb872\" data-element_type=\"container\" data-e-type=\"container\">\n\t\t\t\t<div class=\"elementor-element elementor-element-4a41c1f elementor-widget elementor-widget-heading\" data-id=\"4a41c1f\" data-element_type=\"widget\" data-e-type=\"widget\" data-widget_type=\"heading.default\">\n\t\t\t\t\t<h2 class=\"elementor-heading-title elementor-size-default\">01.<\/h2>\t\t\t\t<\/div>\n\t\t<div class=\"elementor-element elementor-element-ff44b08 e-con-full e-flex e-con e-child\" data-id=\"ff44b08\" data-element_type=\"container\" data-e-type=\"container\">\n\t\t\t\t<div class=\"elementor-element elementor-element-b847d70 elementor-widget elementor-widget-heading\" data-id=\"b847d70\" data-element_type=\"widget\" data-e-type=\"widget\" data-widget_type=\"heading.default\">\n\t\t\t\t\t<h4 class=\"elementor-heading-title elementor-size-default\"><a href=\"https:\/\/fleximmobilier.com\/fr-ca\/zonage-pour-location-court-terme-et-chalet-touristique\/\">Zonage<\/a><\/h4>\t\t\t\t<\/div>\n\t\t\t\t<\/div>\n\t\t\t\t<\/div>\n\t\t<div class=\"elementor-element elementor-element-c0f1675 e-con-full e-flex e-con e-child\" data-id=\"c0f1675\" data-element_type=\"container\" data-e-type=\"container\">\n\t\t\t\t<div class=\"elementor-element elementor-element-53b1f07 elementor-widget elementor-widget-heading\" data-id=\"53b1f07\" data-element_type=\"widget\" data-e-type=\"widget\" data-widget_type=\"heading.default\">\n\t\t\t\t\t<h2 class=\"elementor-heading-title elementor-size-default\">02.<\/h2>\t\t\t\t<\/div>\n\t\t<div class=\"elementor-element elementor-element-3b8ce76 e-con-full e-flex e-con e-child\" data-id=\"3b8ce76\" data-element_type=\"container\" data-e-type=\"container\">\n\t\t\t\t<div class=\"elementor-element elementor-element-22f023e elementor-widget elementor-widget-heading\" data-id=\"22f023e\" data-element_type=\"widget\" data-e-type=\"widget\" data-widget_type=\"heading.default\">\n\t\t\t\t\t<h4 class=\"elementor-heading-title elementor-size-default\"><a href=\"https:\/\/fleximmobilier.com\/fr-ca\/assurance-habitation-chalet-location-court-terme\/\">Assurance<\/a><\/h4>\t\t\t\t<\/div>\n\t\t\t\t<\/div>\n\t\t\t\t<\/div>\n\t\t<div class=\"elementor-element elementor-element-7dba5e2 e-con-full e-flex e-con e-child\" data-id=\"7dba5e2\" data-element_type=\"container\" data-e-type=\"container\">\n\t\t\t\t<div class=\"elementor-element elementor-element-ed6180a elementor-widget elementor-widget-heading\" data-id=\"ed6180a\" data-element_type=\"widget\" data-e-type=\"widget\" data-widget_type=\"heading.default\">\n\t\t\t\t\t<h2 class=\"elementor-heading-title elementor-size-default\">03.<\/h2>\t\t\t\t<\/div>\n\t\t<div class=\"elementor-element elementor-element-97681ce e-con-full e-flex e-con e-child\" data-id=\"97681ce\" data-element_type=\"container\" data-e-type=\"container\">\n\t\t\t\t<div class=\"elementor-element elementor-element-4434960 elementor-widget elementor-widget-heading\" data-id=\"4434960\" data-element_type=\"widget\" data-e-type=\"widget\" data-widget_type=\"heading.default\">\n\t\t\t\t\t<h4 class=\"elementor-heading-title elementor-size-default\"><a href=\"https:\/\/fleximmobilier.com\/fr-ca\/demande-dattestation-citq-pour-location-a-court-terme\/\">CITQ et Taxes<\/a><\/h4>\t\t\t\t<\/div>\n\t\t\t\t<\/div>\n\t\t\t\t<\/div>\n\t\t\t\t<\/div>\n\t\t\t\t<\/div>\n\t\t\t\t<\/div>\n\t\t<div class=\"elementor-element elementor-element-de7df6b e-grid e-con-boxed e-con e-parent\" data-id=\"de7df6b\" data-element_type=\"container\" data-e-type=\"container\">\n\t\t\t\t\t<div class=\"e-con-inner\">\n\t\t\t\t<div class=\"elementor-element elementor-element-82e414a elementor-widget elementor-widget-spacer\" data-id=\"82e414a\" data-element_type=\"widget\" data-e-type=\"widget\" data-widget_type=\"spacer.default\">\n\t\t\t\t\t\t\t<div class=\"elementor-spacer\">\n\t\t\t<div class=\"elementor-spacer-inner\"><\/div>\n\t\t<\/div>\n\t\t\t\t\t\t<\/div>\n\t\t\t\t\t<\/div>\n\t\t\t\t<\/div>\n\t\t\t\t<\/div>\n\t\t","protected":false},"excerpt":{"rendered":"<p>Depuis le 1er mai 2020, tout le monde souhaitant louer sa r\u00e9sidence doit pr\u00e9alablement s\u2019enregistrer aupr\u00e8s de la Corporation de l\u2019industrie touristique du Qu\u00e9bec (CITQ). L\u2019affichage du num\u00e9ro d\u2019enregistrement dans les annonces est obligatoire. Sous certaines conditions, une personne peut mettre en location sa r\u00e9sidence principale sur des sites comme Airbnb, sans \u00e9gard au nombre [&hellip;]<\/p>\n","protected":false},"author":3,"featured_media":0,"parent":0,"menu_order":0,"comment_status":"closed","ping_status":"closed","template":"","meta":{"_acf_changed":false,"footnotes":""},"class_list":["post-2191","page","type-page","status-publish","hentry"],"acf":[],"_links":{"self":[{"href":"https:\/\/fleximmobilier.com\/fr-ca\/wp-json\/wp\/v2\/pages\/2191","targetHints":{"allow":["GET"]}}],"collection":[{"href":"https:\/\/fleximmobilier.com\/fr-ca\/wp-json\/wp\/v2\/pages"}],"about":[{"href":"https:\/\/fleximmobilier.com\/fr-ca\/wp-json\/wp\/v2\/types\/page"}],"author":[{"embeddable":true,"href":"https:\/\/fleximmobilier.com\/fr-ca\/wp-json\/wp\/v2\/users\/3"}],"replies":[{"embeddable":true,"href":"https:\/\/fleximmobilier.com\/fr-ca\/wp-json\/wp\/v2\/comments?post=2191"}],"version-history":[{"count":0,"href":"https:\/\/fleximmobilier.com\/fr-ca\/wp-json\/wp\/v2\/pages\/2191\/revisions"}],"wp:attachment":[{"href":"https:\/\/fleximmobilier.com\/fr-ca\/wp-json\/wp\/v2\/media?parent=2191"}],"curies":[{"name":"wp","href":"https:\/\/api.w.org\/{rel}","templated":true}]}}