{"id":2155,"date":"2024-11-07T14:11:06","date_gmt":"2024-11-07T19:11:06","guid":{"rendered":"https:\/\/fleximmobilier.com\/?page_id=2155"},"modified":"2024-12-10T13:50:05","modified_gmt":"2024-12-10T18:50:05","slug":"zonage-pour-location-court-terme-et-chalet-touristique","status":"publish","type":"page","link":"https:\/\/fleximmobilier.com\/fr-ca\/zonage-pour-location-court-terme-et-chalet-touristique\/","title":{"rendered":"zonage pour location court terme et chalet touristique"},"content":{"rendered":"\t\t<div data-elementor-type=\"wp-page\" data-elementor-id=\"2155\" class=\"elementor elementor-2155\" data-elementor-post-type=\"page\">\n\t\t\t\t<div class=\"elementor-element elementor-element-bf731fe e-flex e-con-boxed e-con e-parent\" data-id=\"bf731fe\" data-element_type=\"container\" data-e-type=\"container\" data-settings=\"{&quot;background_background&quot;:&quot;classic&quot;}\">\n\t\t\t\t\t<div class=\"e-con-inner\">\n\t\t<div class=\"elementor-element elementor-element-7da9fd9 e-con-full e-flex e-con e-child\" data-id=\"7da9fd9\" data-element_type=\"container\" data-e-type=\"container\" data-settings=\"{&quot;background_background&quot;:&quot;classic&quot;}\">\n\t\t<div class=\"elementor-element elementor-element-f04c2f5 e-con-full e-flex e-con e-child\" data-id=\"f04c2f5\" data-element_type=\"container\" data-e-type=\"container\">\n\t\t<div data-dce-background-color=\"#020101\" data-dce-background-image-url=\"https:\/\/fleximmobilier.com\/wp-content\/uploads\/reglement-zonage-gestion-location-courte-duree-flex-immobilier.jpg\" class=\"elementor-element elementor-element-24ca713 e-con-full e-flex e-con e-child\" data-id=\"24ca713\" data-element_type=\"container\" data-e-type=\"container\" data-settings=\"{&quot;background_background&quot;:&quot;classic&quot;}\">\n\t\t\t\t<\/div>\n\t\t<div class=\"elementor-element elementor-element-9341292 e-con-full e-flex e-con e-child\" data-id=\"9341292\" data-element_type=\"container\" data-e-type=\"container\">\n\t\t\t\t<div class=\"elementor-element elementor-element-597e396 elementor-widget elementor-widget-text-editor\" data-id=\"597e396\" data-element_type=\"widget\" data-e-type=\"widget\" data-widget_type=\"text-editor.default\">\n\t\t\t\t\t\t\t\t\t<p>Avant d\u2019acqu\u00e9rir ou de convertir une propri\u00e9t\u00e9 dans le but de l\u2019offrir en location de courte dur\u00e9e (31 jours et moins), la <strong>1i\u00e8re chose \u00e0 faire<\/strong> est de v\u00e9rifier si le r\u00e8glement de zonage r\u00e9gissant votre propri\u00e9t\u00e9 permet la location \u00e0 court terme. Pour ce faire, contactez le <strong>service d\u2019inspection<\/strong> de votre municipalit\u00e9.<\/p><p>S\u2019il s\u2019agit d\u2019un condo, il faut aussi v\u00e9rifier la <strong>d\u00e9claration de copropri\u00e9t\u00e9<\/strong>, car certaines interdisent de front la location \u00e0 court terme.<\/p><p>Nous vous recommandons la lecture de l\u2019article ci-dessous qui approfondit le sujet du zonage dans le cadre de la location de courte dur\u00e9e.<\/p>\t\t\t\t\t\t\t\t<\/div>\n\t\t\t\t<div class=\"elementor-element elementor-element-d12ce1c elementor-widget elementor-widget-button\" data-id=\"d12ce1c\" data-element_type=\"widget\" data-e-type=\"widget\" data-widget_type=\"button.default\">\n\t\t\t\t\t\t\t\t\t\t<a class=\"elementor-button elementor-button-link elementor-size-sm\" href=\"https:\/\/investir-immobilier-montreal.com\/2020\/05\/21\/airbnb-rencontrez-votre-municipalite-avant-de-demander-une-attestation-a-la-citq\/\" target=\"_blank\" rel=\"noopener\">\n\t\t\t\t\t\t<span class=\"elementor-button-content-wrapper\">\n\t\t\t\t\t\t\t\t\t<span class=\"elementor-button-text\">Contactez votre municipalit\u00e9 avant d'offrir votre maison en location \u00e0 court terme<\/span>\n\t\t\t\t\t<\/span>\n\t\t\t\t\t<\/a>\n\t\t\t\t\t\t\t\t<\/div>\n\t\t\t\t<\/div>\n\t\t\t\t<\/div>\n\t\t\t\t<div class=\"elementor-element elementor-element-7b46a48 elementor-widget elementor-widget-text-editor\" data-id=\"7b46a48\" data-element_type=\"widget\" data-e-type=\"widget\" data-widget_type=\"text-editor.default\">\n\t\t\t\t\t\t\t\t\t<p>Une fois que vous aurez compl\u00e9t\u00e9 cette \u00e9tape, contactez-nous afin que nous enclenchions le processus de mise en march\u00e9 de votre propri\u00e9t\u00e9, parall\u00e8lement aux \u00e9tapes 2 et 3 ci-dessous.<\/p>\t\t\t\t\t\t\t\t<\/div>\n\t\t\t\t<\/div>\n\t\t\t\t\t<\/div>\n\t\t\t\t<\/div>\n\t\t<div class=\"elementor-element elementor-element-13ec102 e-con-full e-flex e-con e-child\" data-id=\"13ec102\" data-element_type=\"container\" data-e-type=\"container\">\n\t\t<div class=\"elementor-element elementor-element-dfee026 e-con-full e-flex e-con e-child\" data-id=\"dfee026\" data-element_type=\"container\" data-e-type=\"container\">\n\t\t\t\t<div class=\"elementor-element elementor-element-fc83428 elementor-widget elementor-widget-heading\" data-id=\"fc83428\" data-element_type=\"widget\" data-e-type=\"widget\" data-widget_type=\"heading.default\">\n\t\t\t\t\t<h4 class=\"elementor-heading-title elementor-size-default\">Offrir votre chalet\/maison en location \u00e0 court terme<\/h4>\t\t\t\t<\/div>\n\t\t\t\t<div class=\"elementor-element elementor-element-ed06400 elementor-widget elementor-widget-heading\" data-id=\"ed06400\" data-element_type=\"widget\" data-e-type=\"widget\" data-widget_type=\"heading.default\">\n\t\t\t\t\t<h2 class=\"elementor-heading-title elementor-size-default\">3 \u00e9tapes \u00e0 franchir<\/h2>\t\t\t\t<\/div>\n\t\t\t\t<div class=\"elementor-element elementor-element-c320457 elementor-widget elementor-widget-button\" data-id=\"c320457\" data-element_type=\"widget\" data-e-type=\"widget\" data-widget_type=\"button.default\">\n\t\t\t\t\t\t\t\t\t\t<a class=\"elementor-button elementor-button-link elementor-size-sm\" href=\"https:\/\/fleximmobilier.com\/fr-ca\/contact\/\">\n\t\t\t\t\t\t<span class=\"elementor-button-content-wrapper\">\n\t\t\t\t\t\t\t\t\t<span class=\"elementor-button-text\">Des questions ? Contactez-nous<\/span>\n\t\t\t\t\t<\/span>\n\t\t\t\t\t<\/a>\n\t\t\t\t\t\t\t\t<\/div>\n\t\t\t\t<div class=\"elementor-element elementor-element-fea6d19 elementor-widget elementor-widget-button\" data-id=\"fea6d19\" data-element_type=\"widget\" data-e-type=\"widget\" data-widget_type=\"button.default\">\n\t\t\t\t\t\t\t\t\t\t<a class=\"elementor-button elementor-button-link elementor-size-sm\" href=\"https:\/\/fleximmobilier.com\/fr-ca\/gestion-location-court-terme\/\">\n\t\t\t\t\t\t<span class=\"elementor-button-content-wrapper\">\n\t\t\t\t\t\t\t\t\t<span class=\"elementor-button-text\">Services de gestion de location court terme<\/span>\n\t\t\t\t\t<\/span>\n\t\t\t\t\t<\/a>\n\t\t\t\t\t\t\t\t<\/div>\n\t\t\t\t<\/div>\n\t\t<div class=\"elementor-element elementor-element-161d782 e-con-full e-flex e-con e-child\" data-id=\"161d782\" data-element_type=\"container\" data-e-type=\"container\">\n\t\t<div class=\"elementor-element elementor-element-9999fe2 e-grid e-con-full e-con e-child\" data-id=\"9999fe2\" data-element_type=\"container\" data-e-type=\"container\">\n\t\t<div class=\"elementor-element elementor-element-60988c4 e-con-full e-flex e-con e-child\" data-id=\"60988c4\" data-element_type=\"container\" data-e-type=\"container\">\n\t\t\t\t<div class=\"elementor-element elementor-element-f2ec3c9 elementor-widget elementor-widget-heading\" data-id=\"f2ec3c9\" data-element_type=\"widget\" data-e-type=\"widget\" data-widget_type=\"heading.default\">\n\t\t\t\t\t<h2 class=\"elementor-heading-title elementor-size-default\">01.<\/h2>\t\t\t\t<\/div>\n\t\t<div class=\"elementor-element elementor-element-8634308 e-con-full e-flex e-con e-child\" data-id=\"8634308\" data-element_type=\"container\" data-e-type=\"container\">\n\t\t\t\t<div class=\"elementor-element elementor-element-473f8f3 elementor-widget elementor-widget-heading\" data-id=\"473f8f3\" data-element_type=\"widget\" data-e-type=\"widget\" data-widget_type=\"heading.default\">\n\t\t\t\t\t<h4 class=\"elementor-heading-title elementor-size-default\"><a href=\"https:\/\/fleximmobilier.com\/fr-ca\/zonage-pour-location-court-terme-et-chalet-touristique\/\">Zonage<\/a><\/h4>\t\t\t\t<\/div>\n\t\t\t\t<\/div>\n\t\t\t\t<\/div>\n\t\t<div class=\"elementor-element elementor-element-1e6efbf e-con-full e-flex e-con e-child\" data-id=\"1e6efbf\" data-element_type=\"container\" data-e-type=\"container\">\n\t\t\t\t<div class=\"elementor-element elementor-element-e2bb2d3 elementor-widget elementor-widget-heading\" data-id=\"e2bb2d3\" data-element_type=\"widget\" data-e-type=\"widget\" data-widget_type=\"heading.default\">\n\t\t\t\t\t<h2 class=\"elementor-heading-title elementor-size-default\">02.<\/h2>\t\t\t\t<\/div>\n\t\t<div class=\"elementor-element elementor-element-c085b5a e-con-full e-flex e-con e-child\" data-id=\"c085b5a\" data-element_type=\"container\" data-e-type=\"container\">\n\t\t\t\t<div class=\"elementor-element elementor-element-74fcfc7 elementor-widget elementor-widget-heading\" data-id=\"74fcfc7\" data-element_type=\"widget\" data-e-type=\"widget\" data-widget_type=\"heading.default\">\n\t\t\t\t\t<h4 class=\"elementor-heading-title elementor-size-default\"><a href=\"https:\/\/fleximmobilier.com\/fr-ca\/assurance-habitation-chalet-location-court-terme\/\">Assurance<\/a><\/h4>\t\t\t\t<\/div>\n\t\t\t\t<\/div>\n\t\t\t\t<\/div>\n\t\t<div class=\"elementor-element elementor-element-6f2c63c e-con-full e-flex e-con e-child\" data-id=\"6f2c63c\" data-element_type=\"container\" data-e-type=\"container\">\n\t\t\t\t<div class=\"elementor-element elementor-element-3ca1458 elementor-widget elementor-widget-heading\" data-id=\"3ca1458\" data-element_type=\"widget\" data-e-type=\"widget\" data-widget_type=\"heading.default\">\n\t\t\t\t\t<h2 class=\"elementor-heading-title elementor-size-default\">03.<\/h2>\t\t\t\t<\/div>\n\t\t<div class=\"elementor-element elementor-element-e8a9f31 e-con-full e-flex e-con e-child\" data-id=\"e8a9f31\" data-element_type=\"container\" data-e-type=\"container\">\n\t\t\t\t<div class=\"elementor-element elementor-element-5660e03 elementor-widget elementor-widget-heading\" data-id=\"5660e03\" data-element_type=\"widget\" data-e-type=\"widget\" data-widget_type=\"heading.default\">\n\t\t\t\t\t<h4 class=\"elementor-heading-title elementor-size-default\"><a href=\"https:\/\/fleximmobilier.com\/fr-ca\/demande-dattestation-citq-pour-location-a-court-terme\/\">CITQ et Taxes<\/a><\/h4>\t\t\t\t<\/div>\n\t\t\t\t<\/div>\n\t\t\t\t<\/div>\n\t\t\t\t<\/div>\n\t\t\t\t<\/div>\n\t\t\t\t<\/div>\n\t\t<div class=\"elementor-element elementor-element-f966f10 e-grid e-con-boxed e-con e-parent\" data-id=\"f966f10\" data-element_type=\"container\" data-e-type=\"container\">\n\t\t\t\t\t<div class=\"e-con-inner\">\n\t\t\t\t<div class=\"elementor-element elementor-element-c8acfaf elementor-widget elementor-widget-spacer\" data-id=\"c8acfaf\" data-element_type=\"widget\" data-e-type=\"widget\" data-widget_type=\"spacer.default\">\n\t\t\t\t\t\t\t<div class=\"elementor-spacer\">\n\t\t\t<div class=\"elementor-spacer-inner\"><\/div>\n\t\t<\/div>\n\t\t\t\t\t\t<\/div>\n\t\t\t\t\t<\/div>\n\t\t\t\t<\/div>\n\t\t\t\t<\/div>\n\t\t","protected":false},"excerpt":{"rendered":"<p>Avant d\u2019acqu\u00e9rir ou de convertir une propri\u00e9t\u00e9 dans le but de l\u2019offrir en location de courte dur\u00e9e (31 jours et moins), la 1i\u00e8re chose \u00e0 faire est de v\u00e9rifier si le r\u00e8glement de zonage r\u00e9gissant votre propri\u00e9t\u00e9 permet la location \u00e0 court terme. Pour ce faire, contactez le service d\u2019inspection de votre municipalit\u00e9. S\u2019il s\u2019agit [&hellip;]<\/p>\n","protected":false},"author":3,"featured_media":0,"parent":0,"menu_order":0,"comment_status":"closed","ping_status":"closed","template":"","meta":{"_acf_changed":false,"footnotes":""},"class_list":["post-2155","page","type-page","status-publish","hentry"],"acf":[],"_links":{"self":[{"href":"https:\/\/fleximmobilier.com\/fr-ca\/wp-json\/wp\/v2\/pages\/2155","targetHints":{"allow":["GET"]}}],"collection":[{"href":"https:\/\/fleximmobilier.com\/fr-ca\/wp-json\/wp\/v2\/pages"}],"about":[{"href":"https:\/\/fleximmobilier.com\/fr-ca\/wp-json\/wp\/v2\/types\/page"}],"author":[{"embeddable":true,"href":"https:\/\/fleximmobilier.com\/fr-ca\/wp-json\/wp\/v2\/users\/3"}],"replies":[{"embeddable":true,"href":"https:\/\/fleximmobilier.com\/fr-ca\/wp-json\/wp\/v2\/comments?post=2155"}],"version-history":[{"count":0,"href":"https:\/\/fleximmobilier.com\/fr-ca\/wp-json\/wp\/v2\/pages\/2155\/revisions"}],"wp:attachment":[{"href":"https:\/\/fleximmobilier.com\/fr-ca\/wp-json\/wp\/v2\/media?parent=2155"}],"curies":[{"name":"wp","href":"https:\/\/api.w.org\/{rel}","templated":true}]}}